{"id":6553,"date":"2023-10-13T16:27:16","date_gmt":"2023-10-13T20:27:16","guid":{"rendered":"http:\/\/localhost\/?post_type=product&#038;p=6553"},"modified":"2026-03-25T00:00:03","modified_gmt":"2026-03-25T04:00:03","slug":"tabla-espalda-baja","status":"publish","type":"product","link":"https:\/\/doctorfajas.com\/es\/producto\/tabla-espalda-baja\/","title":{"rendered":"Tabla Espalda Baja"},"content":{"rendered":"<p><span class=\"NormalTextRun SCXW193728173 BCX0\">La tabla espalda <\/span><span class=\"NormalTextRun SCXW193728173 BCX0\">est\u00e1<\/span><span class=\"NormalTextRun SCXW193728173 BCX0\"> dise\u00f1ada para ayudar a redefinir la espalda baja y los gl\u00fateos luego de un <\/span><span class=\"NormalTextRun SpellingErrorV2Themed SCXW193728173 BCX0\">li<\/span><span class=\"NormalTextRun SpellingErrorV2Themed SCXW193728173 BCX0\">p<\/span><span class=\"NormalTextRun SpellingErrorV2Themed SCXW193728173 BCX0\">o<\/span><span class=\"NormalTextRun SCXW193728173 BCX0\"> escultura y\/<\/span><span class=\"NormalTextRun SCXW193728173 BCX0\">o<\/span><span class=\"NormalTextRun SCXW193728173 BCX0\"> operaci\u00f3n en los gl\u00fateos. Trabaja presionado el \u00e1rea lumbar evitando la acumulaci\u00f3n de <\/span><span class=\"NormalTextRun SCXW193728173 BCX0\">l\u00edquido<\/span><span class=\"NormalTextRun SCXW193728173 BCX0\">, mientras em<\/span><span class=\"NormalTextRun SCXW193728173 BCX0\">puja la grasa al \u00e1rea de los gl\u00fateos. La misma se utiliza c<\/span><span class=\"NormalTextRun SCXW193728173 BCX0\">omo complemento a las fajas de Doctor faja.<\/span><\/p>\n<ul>\n<li data-leveltext=\"\uf0b7\" data-font=\"Symbol\" data-listid=\"19\" data-list-defn-props=\"{&quot;335552541&quot;:1,&quot;335559684&quot;:-2,&quot;335559685&quot;:720,&quot;335559991&quot;:360,&quot;469769226&quot;:&quot;Symbol&quot;,&quot;469769242&quot;:[8226],&quot;469777803&quot;:&quot;left&quot;,&quot;469777804&quot;:&quot;\uf0b7&quot;,&quot;469777815&quot;:&quot;hybridMultilevel&quot;}\" aria-setsize=\"-1\" data-aria-posinset=\"1\" data-aria-level=\"1\"><span data-contrast=\"none\">Composici\u00f3n: La superficie de la tabla est\u00e1 hecha de <\/span><span data-contrast=\"none\">75% poliamida + 25% elastano.<\/span><span data-ccp-props=\"{&quot;201341983&quot;:0,&quot;335551550&quot;:6,&quot;335551620&quot;:6,&quot;335559739&quot;:0,&quot;335559740&quot;:240}\">\u00a0<\/span><\/li>\n<li data-leveltext=\"\uf0b7\" data-font=\"Symbol\" data-listid=\"19\" data-list-defn-props=\"{&quot;335552541&quot;:1,&quot;335559684&quot;:-2,&quot;335559685&quot;:720,&quot;335559991&quot;:360,&quot;469769226&quot;:&quot;Symbol&quot;,&quot;469769242&quot;:[8226],&quot;469777803&quot;:&quot;left&quot;,&quot;469777804&quot;:&quot;\uf0b7&quot;,&quot;469777815&quot;:&quot;hybridMultilevel&quot;}\" aria-setsize=\"-1\" data-aria-posinset=\"2\" data-aria-level=\"1\"><span data-contrast=\"auto\">Tama\u00f1o: <\/span><span data-contrast=\"none\">12.2 x 8.2 pulgadas<\/span><span data-ccp-props=\"{&quot;201341983&quot;:0,&quot;335551550&quot;:6,&quot;335551620&quot;:6,&quot;335559739&quot;:0,&quot;335559740&quot;:240}\">\u00a0<\/span><\/li>\n<li data-leveltext=\"\uf0b7\" data-font=\"Symbol\" data-listid=\"19\" data-list-defn-props=\"{&quot;335552541&quot;:1,&quot;335559684&quot;:-2,&quot;335559685&quot;:720,&quot;335559991&quot;:360,&quot;469769226&quot;:&quot;Symbol&quot;,&quot;469769242&quot;:[8226],&quot;469777803&quot;:&quot;left&quot;,&quot;469777804&quot;:&quot;\uf0b7&quot;,&quot;469777815&quot;:&quot;hybridMultilevel&quot;}\" aria-setsize=\"-1\" data-aria-posinset=\"3\" data-aria-level=\"1\"><span data-contrast=\"none\">Despu\u00e9s de la liposucci\u00f3n de la espalda y transferencia de grasa, ayuda a reducir las hendiduras.<\/span><span data-ccp-props=\"{&quot;201341983&quot;:0,&quot;335551550&quot;:6,&quot;335551620&quot;:6,&quot;335559739&quot;:0,&quot;335559740&quot;:240}\">\u00a0<\/span><\/li>\n<li data-leveltext=\"\uf0b7\" data-font=\"Symbol\" data-listid=\"19\" data-list-defn-props=\"{&quot;335552541&quot;:1,&quot;335559684&quot;:-2,&quot;335559685&quot;:720,&quot;335559991&quot;:360,&quot;469769226&quot;:&quot;Symbol&quot;,&quot;469769242&quot;:[8226],&quot;469777803&quot;:&quot;left&quot;,&quot;469777804&quot;:&quot;\uf0b7&quot;,&quot;469777815&quot;:&quot;hybridMultilevel&quot;}\" aria-setsize=\"-1\" data-aria-posinset=\"4\" data-aria-level=\"1\"><span data-contrast=\"none\">Ayuda a que la piel se pegue a los m\u00fasculos evitando grumos de grasa luego de una lipoescultura<\/span><span data-ccp-props=\"{&quot;201341983&quot;:0,&quot;335551550&quot;:6,&quot;335551620&quot;:6,&quot;335559739&quot;:0,&quot;335559740&quot;:240}\">\u00a0<\/span><\/li>\n<\/ul>\n<ul>\n<li data-leveltext=\"\uf0b7\" data-font=\"Symbol\" data-listid=\"19\" data-list-defn-props=\"{&quot;335552541&quot;:1,&quot;335559684&quot;:-2,&quot;335559685&quot;:720,&quot;335559991&quot;:360,&quot;469769226&quot;:&quot;Symbol&quot;,&quot;469769242&quot;:[8226],&quot;469777803&quot;:&quot;left&quot;,&quot;469777804&quot;:&quot;\uf0b7&quot;,&quot;469777815&quot;:&quot;hybridMultilevel&quot;}\" aria-setsize=\"-1\" data-aria-posinset=\"1\" data-aria-level=\"1\"><span data-contrast=\"none\">Mantiene el \u00e1rea Lumbar completamente plana evitando rollitos en la espalda baja.\u00a0\u00a0<\/span><span data-ccp-props=\"{&quot;201341983&quot;:0,&quot;335551550&quot;:6,&quot;335551620&quot;:6,&quot;335559739&quot;:0,&quot;335559740&quot;:240}\">\u00a0<\/span><\/li>\n<li data-leveltext=\"\uf0b7\" data-font=\"Symbol\" data-listid=\"19\" data-list-defn-props=\"{&quot;335552541&quot;:1,&quot;335559684&quot;:-2,&quot;335559685&quot;:720,&quot;335559991&quot;:360,&quot;469769226&quot;:&quot;Symbol&quot;,&quot;469769242&quot;:[8226],&quot;469777803&quot;:&quot;left&quot;,&quot;469777804&quot;:&quot;\uf0b7&quot;,&quot;469777815&quot;:&quot;hybridMultilevel&quot;}\" aria-setsize=\"-1\" data-aria-posinset=\"2\" data-aria-level=\"1\"><span data-contrast=\"none\">Su dise\u00f1o es ergon\u00f3mico es flexible y se ajusta seg\u00fan caminas o te sientas.\u00a0<\/span><span data-ccp-props=\"{&quot;201341983&quot;:0,&quot;335551550&quot;:6,&quot;335551620&quot;:6,&quot;335559739&quot;:0,&quot;335559740&quot;:240}\">\u00a0<\/span><\/li>\n<li data-leveltext=\"\uf0b7\" data-font=\"Symbol\" data-listid=\"19\" data-list-defn-props=\"{&quot;335552541&quot;:1,&quot;335559684&quot;:-2,&quot;335559685&quot;:720,&quot;335559991&quot;:360,&quot;469769226&quot;:&quot;Symbol&quot;,&quot;469769242&quot;:[8226],&quot;469777803&quot;:&quot;left&quot;,&quot;469777804&quot;:&quot;\uf0b7&quot;,&quot;469777815&quot;:&quot;hybridMultilevel&quot;}\" aria-setsize=\"-1\" data-aria-posinset=\"3\" data-aria-level=\"1\"><span data-contrast=\"none\">Esta cubierta por una armadilla lo que te ayuda a regular la presi\u00f3n sin crear molestias o dolor.\u00a0<\/span><span data-ccp-props=\"{&quot;201341983&quot;:0,&quot;335551550&quot;:6,&quot;335551620&quot;:6,&quot;335559739&quot;:0,&quot;335559740&quot;:240}\">\u00a0<\/span><\/li>\n<li data-leveltext=\"\uf0b7\" data-font=\"Symbol\" data-listid=\"19\" data-list-defn-props=\"{&quot;335552541&quot;:1,&quot;335559684&quot;:-2,&quot;335559685&quot;:720,&quot;335559991&quot;:360,&quot;469769226&quot;:&quot;Symbol&quot;,&quot;469769242&quot;:[8226],&quot;469777803&quot;:&quot;left&quot;,&quot;469777804&quot;:&quot;\uf0b7&quot;,&quot;469777815&quot;:&quot;hybridMultilevel&quot;}\" aria-setsize=\"-1\" data-aria-posinset=\"4\" data-aria-level=\"1\"><span data-contrast=\"none\">Su silueta mara el arco superior de los gl\u00fateos.\u00a0<\/span><span data-ccp-props=\"{&quot;201341983&quot;:0,&quot;335551550&quot;:6,&quot;335551620&quot;:6,&quot;335559739&quot;:0,&quot;335559740&quot;:240}\">\u00a0<\/span><\/li>\n<li data-leveltext=\"\uf0b7\" data-font=\"Symbol\" data-listid=\"19\" data-list-defn-props=\"{&quot;335552541&quot;:1,&quot;335559684&quot;:-2,&quot;335559685&quot;:720,&quot;335559991&quot;:360,&quot;469769226&quot;:&quot;Symbol&quot;,&quot;469769242&quot;:[8226],&quot;469777803&quot;:&quot;left&quot;,&quot;469777804&quot;:&quot;\uf0b7&quot;,&quot;469777815&quot;:&quot;hybridMultilevel&quot;}\" aria-setsize=\"-1\" data-aria-posinset=\"5\" data-aria-level=\"1\"><span data-contrast=\"none\">Reduce los moretones, hinchaz\u00f3n y flacidez evitando arrugas en la piel.\u00a0<\/span><span data-ccp-props=\"{&quot;201341983&quot;:0,&quot;335551550&quot;:6,&quot;335551620&quot;:6,&quot;335559739&quot;:0,&quot;335559740&quot;:240}\">\u00a0<\/span><\/li>\n<\/ul>\n<ul>\n<li data-leveltext=\"\uf0b7\" data-font=\"Symbol\" data-listid=\"19\" data-list-defn-props=\"{&quot;335552541&quot;:1,&quot;335559684&quot;:-2,&quot;335559685&quot;:720,&quot;335559991&quot;:360,&quot;469769226&quot;:&quot;Symbol&quot;,&quot;469769242&quot;:[8226],&quot;469777803&quot;:&quot;left&quot;,&quot;469777804&quot;:&quot;\uf0b7&quot;,&quot;469777815&quot;:&quot;hybridMultilevel&quot;}\" aria-setsize=\"-1\" data-aria-posinset=\"1\" data-aria-level=\"1\"><span data-contrast=\"none\">Evita la retenci\u00f3n de l\u00edquidos entre la piel y los m\u00fasculos ayud\u00e1ndote a drenar de una manera mas efectiva.\u00a0<\/span><span data-ccp-props=\"{&quot;201341983&quot;:0,&quot;335551550&quot;:6,&quot;335551620&quot;:6,&quot;335559739&quot;:0,&quot;335559740&quot;:240}\">\u00a0<\/span><\/li>\n<li data-leveltext=\"\uf0b7\" data-font=\"Symbol\" data-listid=\"19\" data-list-defn-props=\"{&quot;335552541&quot;:1,&quot;335559684&quot;:-2,&quot;335559685&quot;:720,&quot;335559991&quot;:360,&quot;469769226&quot;:&quot;Symbol&quot;,&quot;469769242&quot;:[8226],&quot;469777803&quot;:&quot;left&quot;,&quot;469777804&quot;:&quot;\uf0b7&quot;,&quot;469777815&quot;:&quot;hybridMultilevel&quot;}\" aria-setsize=\"-1\" data-aria-posinset=\"2\" data-aria-level=\"1\"><span data-contrast=\"none\">Su tela es sueve y con tecnolog\u00eda inteligente que ayuda a que tu piel transpire.<\/span><span data-ccp-props=\"{&quot;201341983&quot;:0,&quot;335551550&quot;:6,&quot;335551620&quot;:6,&quot;335559739&quot;:0,&quot;335559740&quot;:240}\">\u00a0<\/span><\/li>\n<li data-leveltext=\"\uf0b7\" data-font=\"Symbol\" data-listid=\"19\" data-list-defn-props=\"{&quot;335552541&quot;:1,&quot;335559684&quot;:-2,&quot;335559685&quot;:720,&quot;335559991&quot;:360,&quot;469769226&quot;:&quot;Symbol&quot;,&quot;469769242&quot;:[8226],&quot;469777803&quot;:&quot;left&quot;,&quot;469777804&quot;:&quot;\uf0b7&quot;,&quot;469777815&quot;:&quot;hybridMultilevel&quot;}\" aria-setsize=\"-1\" data-aria-posinset=\"3\" data-aria-level=\"1\"><span data-contrast=\"none\">Puedes lavarla a mano o en la m\u00e1quina de lavar. <\/span><i><span data-contrast=\"none\">No recomendamos que se coloque en la secadora<\/span><\/i><\/li>\n<\/ul>\n<p><span class=\"NormalTextRun SCXW221153118 BCX0\">Importante: Consulte con su m\u00e9dico el uso de la tabla abdominal antes de utilizarla<\/span><span class=\"NormalTextRun SCXW221153118 BCX0\">.<\/span><\/p>","protected":false},"excerpt":{"rendered":"<p><span class=\"TextRun SCXW123735902 BCX0\" lang=\"ES-ES\" xml:lang=\"ES-ES\" data-contrast=\"none\"><span class=\"NormalTextRun SCXW123735902 BCX0\" data-ccp-charstyle=\"a-list-item\" data-ccp-charstyle-defn=\"{&quot;ObjectId&quot;:&quot;01d85a69-5b8b-42db-83ce-e8c9660de63c|99&quot;,&quot;ClassId&quot;:1073872969,&quot;Properties&quot;:[469775450,&quot;a-list-item&quot;,201340122,&quot;1&quot;,134233614,&quot;true&quot;,469778129,&quot;a-list-item&quot;,335572020,&quot;1&quot;,469778324,&quot;Default Paragraph Font&quot;]}\">Esta <\/span><span class=\"NormalTextRun SCXW123735902 BCX0\" data-ccp-charstyle=\"a-list-item\">t<\/span><span class=\"NormalTextRun SCXW123735902 BCX0\" data-ccp-charstyle=\"a-list-item\">abla es ideal para luego de un proceso <\/span><span class=\"NormalTextRun SCXW123735902 BCX0\" data-ccp-charstyle=\"a-list-item\">quir\u00fargico como,<\/span><\/span><span class=\"TextRun SCXW123735902 BCX0\" lang=\"ES-ES\" xml:lang=\"ES-ES\" data-contrast=\"none\"><span class=\"NormalTextRun SCXW123735902 BCX0\" data-ccp-charstyle=\"a-list-item\"> Lipoescultura, <\/span><span class=\"NormalTextRun SpellingErrorV2Themed SCXW123735902 BCX0\" data-ccp-charstyle=\"a-list-item\">tranferencia<\/span><span class=\"NormalTextRun SCXW123735902 BCX0\" data-ccp-charstyle=\"a-list-item\"> de grasa, <\/span><span class=\"NormalTextRun SpellingErrorV2Themed SCXW123735902 BCX0\" data-ccp-charstyle=\"a-list-item\">lipo<\/span><span class=\"NormalTextRun SCXW123735902 BCX0\" data-ccp-charstyle=\"a-list-item\"> 360, levantamiento de gl\u00fateo, <\/span><\/span><span class=\"TextRun SCXW123735902 BCX0\" lang=\"ES-ES\" xml:lang=\"ES-ES\" data-contrast=\"none\"><span class=\"NormalTextRun SCXW123735902 BCX0\" data-ccp-charstyle=\"a-list-item\">entre otros. Las paredes de tu piel pueden desarrollar hipersensibilidad luego de una operaci\u00f3n<\/span><span class=\"NormalTextRun SCXW123735902 BCX0\" data-ccp-charstyle=\"a-list-item\"> y necesita protecci\u00f3n directa. Esta tabla se convierte en tu pared protectora de cualquier tipo de accidente o movimiento involuntario que pueda impactar el \u00e1rea reci\u00e9n operada.<\/span><\/span><\/p>","protected":false},"featured_media":6568,"template":"","meta":[],"product_brand":[],"product_cat":[141,143],"product_tag":[],"class_list":{"0":"post-6553","1":"product","2":"type-product","3":"status-publish","4":"has-post-thumbnail","6":"product_cat-boards","7":"product_cat-low-back-plank","9":"first","10":"instock","11":"shipping-taxable","12":"purchasable","13":"product-type-simple","14":"add-to-wishlist-after_add_to_cart"},"_links":{"self":[{"href":"https:\/\/doctorfajas.com\/es\/wp-json\/wp\/v2\/product\/6553","targetHints":{"allow":["GET"]}}],"collection":[{"href":"https:\/\/doctorfajas.com\/es\/wp-json\/wp\/v2\/product"}],"about":[{"href":"https:\/\/doctorfajas.com\/es\/wp-json\/wp\/v2\/types\/product"}],"wp:featuredmedia":[{"embeddable":true,"href":"https:\/\/doctorfajas.com\/es\/wp-json\/wp\/v2\/media\/6568"}],"wp:attachment":[{"href":"https:\/\/doctorfajas.com\/es\/wp-json\/wp\/v2\/media?parent=6553"}],"wp:term":[{"taxonomy":"product_brand","embeddable":true,"href":"https:\/\/doctorfajas.com\/es\/wp-json\/wp\/v2\/product_brand?post=6553"},{"taxonomy":"product_cat","embeddable":true,"href":"https:\/\/doctorfajas.com\/es\/wp-json\/wp\/v2\/product_cat?post=6553"},{"taxonomy":"product_tag","embeddable":true,"href":"https:\/\/doctorfajas.com\/es\/wp-json\/wp\/v2\/product_tag?post=6553"}],"curies":[{"name":"wp","href":"https:\/\/api.w.org\/{rel}","templated":true}]}}