{"id":6847,"date":"2024-04-11T18:13:11","date_gmt":"2024-04-11T22:13:11","guid":{"rendered":"http:\/\/localhost\/?post_type=product&#038;p=6847"},"modified":"2025-11-04T19:42:40","modified_gmt":"2025-11-04T23:42:40","slug":"cinturilla","status":"publish","type":"product","link":"https:\/\/doctorfajas.com\/es\/producto\/cinturilla\/","title":{"rendered":"Cinturilla"},"content":{"rendered":"<p><span style=\"font-weight: 400;\">Faja Colombiana Cintur\u00f3n, confeccionada con tecnolog\u00eda en textiles inteligentes llamados Powernet que regula la temperatura de tu cuerpo mientras comprime el \u00e1rea abdominal.\u00a0<\/span><\/p>\n<ul>\n<li style=\"font-weight: 400;\" aria-level=\"1\"><span style=\"font-weight: 400;\">Moldea tu cintura y mejora tu postura.<\/span><\/li>\n<li style=\"font-weight: 400;\" aria-level=\"1\"><span style=\"font-weight: 400;\">Con esta faja tendr\u00e1s el busto y los hombros libres, lo que la hace ideal para combinar con tu brasier de tu preferencia.\u00a0<\/span><\/li>\n<li style=\"font-weight: 400;\" aria-level=\"1\"><span style=\"font-weight: 400;\">No tiene tira por lo que simplemente puedas ense\u00f1ar los hombros,\u00a0<\/span><\/li>\n<li style=\"font-weight: 400;\" aria-level=\"1\"><span style=\"font-weight: 400;\">La misma cuenta con cierre de tres broches que te permite ajustar la compresi\u00f3n del abdomen hasta tres tama\u00f1os.<\/span><\/li>\n<li style=\"font-weight: 400;\" aria-level=\"1\"><span style=\"font-weight: 400;\">Disimula los rollitos de tu espalda media y el \u00e1rea de la axila.\u00a0<\/span><\/li>\n<li style=\"font-weight: 400;\" aria-level=\"1\"><span style=\"font-weight: 400;\">Puedes utilizarla para hacer ejercitarte ya que es de uso diario<\/span><\/li>\n<li style=\"font-weight: 400;\" aria-level=\"1\"><span style=\"font-weight: 400;\">La regulaci\u00f3n de transpiraci\u00f3n de su tela ayuda con los cambios de temperatura y protege tu piel.\u00a0<\/span><\/li>\n<\/ul>","protected":false},"excerpt":{"rendered":"<p><span style=\"font-weight: 400;\">Esta faja es ideal para <\/span><b>Post Parto, Post Ces\u00e1rea, Lipoescultura <\/b><span style=\"font-weight: 400;\">ya que su tela moldea la figura mientras te permite movilidad para que puedas tener una recuperaci\u00f3n. Tambi\u00e9n ayuda en la redefinici\u00f3n de la cintura mientras trabajas en tu <\/span><b>p\u00e9rdida de peso<\/b><span style=\"font-weight: 400;\">.<\/span><\/p>\n<p><span style=\"font-weight: 400;\">Es una buena opci\u00f3n para mujeres que quieren reducir tama\u00f1os en su cintura.<\/span><\/p>","protected":false},"featured_media":6875,"template":"","meta":[],"product_brand":[],"product_cat":[136,153,135],"product_tag":[],"class_list":{"0":"post-6847","1":"product","2":"type-product","3":"status-publish","4":"has-post-thumbnail","6":"product_cat-belt","7":"product_cat-destacados","8":"product_cat-waistband","9":"ts_product_brand-doctor-fajas","11":"first","12":"instock","13":"sale","14":"shipping-taxable","15":"purchasable","16":"product-type-variable","17":"add-to-wishlist-after_add_to_cart"},"_links":{"self":[{"href":"https:\/\/doctorfajas.com\/es\/wp-json\/wp\/v2\/product\/6847","targetHints":{"allow":["GET"]}}],"collection":[{"href":"https:\/\/doctorfajas.com\/es\/wp-json\/wp\/v2\/product"}],"about":[{"href":"https:\/\/doctorfajas.com\/es\/wp-json\/wp\/v2\/types\/product"}],"wp:featuredmedia":[{"embeddable":true,"href":"https:\/\/doctorfajas.com\/es\/wp-json\/wp\/v2\/media\/6875"}],"wp:attachment":[{"href":"https:\/\/doctorfajas.com\/es\/wp-json\/wp\/v2\/media?parent=6847"}],"wp:term":[{"taxonomy":"product_brand","embeddable":true,"href":"https:\/\/doctorfajas.com\/es\/wp-json\/wp\/v2\/product_brand?post=6847"},{"taxonomy":"product_cat","embeddable":true,"href":"https:\/\/doctorfajas.com\/es\/wp-json\/wp\/v2\/product_cat?post=6847"},{"taxonomy":"product_tag","embeddable":true,"href":"https:\/\/doctorfajas.com\/es\/wp-json\/wp\/v2\/product_tag?post=6847"}],"curies":[{"name":"wp","href":"https:\/\/api.w.org\/{rel}","templated":true}]}}