{"id":6864,"date":"2024-04-25T09:23:41","date_gmt":"2024-04-25T13:23:41","guid":{"rendered":"http:\/\/localhost\/?post_type=product&#038;p=6864"},"modified":"2025-11-04T19:45:13","modified_gmt":"2025-11-04T23:45:13","slug":"mommy-makeover-faja-brasier-postoperatorio","status":"publish","type":"product","link":"https:\/\/doctorfajas.com\/es\/producto\/mommy-makeover-faja-brasier-postoperatorio\/","title":{"rendered":"Mommy MakeOver \/Faja Brasier Postoperatorio"},"content":{"rendered":"<p><span style=\"font-weight: 400;\">Faja Colombiana confeccionada tecnolog\u00eda en textiles inteligentes llamados Powernet que regula la temperatura de tu cuerpo mientras comprime el \u00e1rea abdominal, moldea los senos, levanta los gl\u00fateos y controla la postura.\u00a0<\/span><\/p>\n<ul>\n<li style=\"font-weight: 400;\" aria-level=\"1\"><span style=\"font-weight: 400;\">La misma cuenta con tres broches posiciones para ajustar la compresi\u00f3n del abdomen.\u00a0<\/span><\/li>\n<li style=\"font-weight: 400;\" aria-level=\"1\"><span style=\"font-weight: 400;\">Sus broches en el \u00e1rea de los senos moldean las mamas y el \u00e1rea de las axilas evitando inflamaci\u00f3n o ca\u00edda del seno por motivo de gravedad o Lactancia.\u00a0<\/span><\/li>\n<li style=\"font-weight: 400;\" aria-level=\"1\"><span style=\"font-weight: 400;\">Sus botones de ajuste en la parte del seno bajan facilitan la lactancia a tu bebe.\u00a0<\/span><\/li>\n<li style=\"font-weight: 400;\" aria-level=\"1\"><span style=\"font-weight: 400;\">Levanta los gl\u00fateos al instante por la confecci\u00f3n de l\u00edneas que redirige el molde de tu espalda baja, muslos y caderas.<\/span><\/li>\n<li style=\"font-weight: 400;\" aria-level=\"1\"><span style=\"font-weight: 400;\">En el \u00e1rea perineal cuenta con apertura con doble tela que facilita las vistas al ba\u00f1o y el uso de los drenajes.\u00a0<\/span><\/li>\n<li style=\"font-weight: 400;\" aria-level=\"1\"><span style=\"font-weight: 400;\">Las terminaciones en el \u00e1rea de piernas cuentan con encaje con silicona que evita que la faja se marque debajo de tu ropa o se enrolle en tus prendas.\u00a0<\/span><\/li>\n<li style=\"font-weight: 400;\" aria-level=\"1\"><span style=\"font-weight: 400;\">La misma llega hasta la media pierna por lo que moldea tus muslos.<\/span><\/li>\n<li style=\"font-weight: 400;\" aria-level=\"1\"><span style=\"font-weight: 400;\">Esta faja es puede ser combinadas con tablas abdominales para proteger las heridas luego de una cirug\u00eda abdominal como cesar\u00edas o abdominoplastia.\u00a0<\/span><\/li>\n<li style=\"font-weight: 400;\" aria-level=\"1\"><span style=\"font-weight: 400;\">La regulaci\u00f3n de transpiraci\u00f3n de su tela ayuda con los cambios hormonales de temperatura corporal, que sufre una mujer luego de un embarazo o una operaci\u00f3n de mastectom\u00eda.\u00a0\u00a0<\/span><\/li>\n<\/ul>","protected":false},"excerpt":{"rendered":"<p><span style=\"font-weight: 400;\">Esta faja es ideal para <\/span><b>Post Parto, Post Ces\u00e1rea y Post Operatorio de las diferentes cirug\u00edas de Senos, Mastectom\u00eda, Lipoescultura, levantamiento de gl\u00fateos y abdominoplastia<\/b><span style=\"font-weight: 400;\"> ya que su tela moldea la figura mientras te permite movilidad para que puedas tener una recuperaci\u00f3n efectiva. Tambi\u00e9n ayuda en redefinici\u00f3n de la figura completa mientras trabajas en tu <\/span><b>p\u00e9rdida de peso<\/b><span style=\"font-weight: 400;\"> ya sea por modo natural o por <\/span><b>cirug\u00eda bari\u00e1trica.<\/b><span style=\"font-weight: 400;\">\u00a0<\/span><\/p>\n<p><span style=\"font-weight: 400;\">Es una buena opci\u00f3n para mujeres que simplemente quiere retomar el control de su cuerpo desde el \u00e1rea de los senos hasta sus muslos.<\/span><\/p>","protected":false},"featured_media":6878,"template":"","meta":[],"product_brand":[],"product_cat":[151,153,133,130],"product_tag":[],"class_list":{"0":"post-6864","1":"product","2":"type-product","3":"status-publish","4":"has-post-thumbnail","6":"product_cat-best-sellers","7":"product_cat-destacados","8":"product_cat-mommy-make-over","9":"product_cat-post-operative","10":"ts_product_brand-doctor-fajas","12":"first","13":"instock","14":"sale","15":"featured","16":"shipping-taxable","17":"purchasable","18":"product-type-variable","19":"add-to-wishlist-after_add_to_cart"},"_links":{"self":[{"href":"https:\/\/doctorfajas.com\/es\/wp-json\/wp\/v2\/product\/6864","targetHints":{"allow":["GET"]}}],"collection":[{"href":"https:\/\/doctorfajas.com\/es\/wp-json\/wp\/v2\/product"}],"about":[{"href":"https:\/\/doctorfajas.com\/es\/wp-json\/wp\/v2\/types\/product"}],"wp:featuredmedia":[{"embeddable":true,"href":"https:\/\/doctorfajas.com\/es\/wp-json\/wp\/v2\/media\/6878"}],"wp:attachment":[{"href":"https:\/\/doctorfajas.com\/es\/wp-json\/wp\/v2\/media?parent=6864"}],"wp:term":[{"taxonomy":"product_brand","embeddable":true,"href":"https:\/\/doctorfajas.com\/es\/wp-json\/wp\/v2\/product_brand?post=6864"},{"taxonomy":"product_cat","embeddable":true,"href":"https:\/\/doctorfajas.com\/es\/wp-json\/wp\/v2\/product_cat?post=6864"},{"taxonomy":"product_tag","embeddable":true,"href":"https:\/\/doctorfajas.com\/es\/wp-json\/wp\/v2\/product_tag?post=6864"}],"curies":[{"name":"wp","href":"https:\/\/api.w.org\/{rel}","templated":true}]}}